{"id":5681,"date":"2020-02-13T15:23:38","date_gmt":"2020-02-13T15:23:38","guid":{"rendered":"http:\/\/www.gbsherveparis.com\/?page_id=5681"},"modified":"2020-02-13T15:35:55","modified_gmt":"2020-02-13T15:35:55","slug":"terms-conditions-valentines-day-raffle","status":"publish","type":"page","link":"https:\/\/www.gbsherveparis.com\/nl\/terms-conditions-valentines-day-raffle\/","title":{"rendered":"Algemene voorwaarden Valentijnsdagloterij"},"content":{"rendered":"<div data-elementor-type=\"wp-page\" data-elementor-id=\"5681\" class=\"elementor elementor-5681\" data-elementor-post-type=\"page\">\n\t\t\t\t\t\t<section class=\"elementor-section elementor-top-section elementor-element elementor-element-5c7e30d elementor-section-boxed elementor-section-height-default elementor-section-height-default\" data-id=\"5c7e30d\" data-element_type=\"section\" data-e-type=\"section\">\n\t\t\t\t\t\t<div class=\"elementor-container elementor-column-gap-default\">\n\t\t\t\t\t<div class=\"elementor-column elementor-col-100 elementor-top-column elementor-element elementor-element-86f9cba\" data-id=\"86f9cba\" data-element_type=\"column\" data-e-type=\"column\">\n\t\t\t<div class=\"elementor-widget-wrap elementor-element-populated\">\n\t\t\t\t\t\t<div class=\"elementor-element elementor-element-5c53330 elementor-widget elementor-widget-text-editor\" data-id=\"5c53330\" data-element_type=\"widget\" data-e-type=\"widget\" data-widget_type=\"text-editor.default\">\n\t\t\t\t<div class=\"elementor-widget-container\">\n\t\t\t\t\t\t\t\t\t<p>13 februari 2020 <\/p><p>Algemene actievoorwaarden \u201cLike, LetUsKnow &amp; Win 2020\u201d.\u201d <\/p><p>I. Algemeen <\/p><p>1. Deze algemene voorwaarden zijn van toepassing op de wedstrijd \u201cLike, LetUsKnow &amp; Win de Herve Paris \u201cLove is Sweet\u201d snoepdoos!\u201d (hierna te noemen \u201cActie\u201d) zoals georganiseerd door Herve Paris ge\u00ebxploiteerd door Global Bridal Service BV, gevestigd in Nederland, Oldenzaal 7575AB in de Enschedesestraat 6 (hierna te noemen \u201cOrganisator\u201d). <\/p><p>2. Deze Actie heeft als doel het weggeven van \u00e9\u00e9n (1) Herve Paris Love is Sweet doos gevuld met snoep (hierna te noemen \u201cPrijs\u201d) onder alle deelnemers die dit bericht hebben geliked en een bericht hebben achtergelaten onder het bericht (hierna te noemen \u201cDeelnemer\u201d en\/of \u201cDeelnemers\u201d). Uit alle Deelnemers wordt \u00e9\u00e9n bericht gekozen, waarna de maker van dit bericht \u00e9\u00e9n (1) Herve Paris Love is Sweet snoepdoos wint. Hiervoor zijn een aantal beperkende voorwaarden opgesteld; zie III. De Prijs. <\/p><p>3. Deze Actie loopt van 14 februari 2020 tot 17 februari 2020 - 23:59 uur. De winnaar wordt daarna bekendgemaakt op de social media kanalen van Herve Paris. <\/p><p>4. De Organisator behoudt zich het recht voor om de Actie op elk moment zonder opgaaf van redenen te annuleren en de actievoorwaarden tussentijds te wijzigen. Een herziene versie van de actievoorwaarden zal opnieuw worden gepubliceerd, voorzien van een nieuwe datum. <\/p><p>5. Door deelname verklaart de Deelnemer akkoord te gaan met de inhoud van deze actievoorwaarden. De Deelnemer verklaart tevens akkoord te gaan met de algemene voorwaarden van Facebook en Instagram die naast deze actievoorwaarden van toepassing blijven.<\/p><p>II. Deelname <\/p><p>6. Deelname aan deze Actie betekent dat de Deelnemer akkoord gaat met deze algemene actievoorwaarden. <\/p><p>7. Deelname aan deze Actie is gratis en staat open voor een ieder, met uitzondering van medewerkers van Global Bridal Service BV alsmede een ieder die op enigerlei wijze direct of indirect organisatorisch betrokken is bij deze Actie. <\/p><p>8. Deelname is ook niet toegestaan voor personen jonger dan achttien jaar. <\/p><p>9. De gegevens die nodig zijn voor deelname worden eigendom van Global Bridal Service en worden niet verkocht of verstrekt aan derden. De informatie wordt opgeslagen in een database; de Personal Date Protection Act (PDPA) is van toepassing op dit bestand. De gegevens worden alleen gebruikt voor deze Actie en voor het toekennen van de Prijs en worden na afloop van deze Actie verwijderd. <\/p><p>10. Door deel te nemen aan deze actie geven de prijswinnaars toestemming aan Global Bridal Service om hun namen en\/of foto's die ze hebben ingestuurd te gebruiken voor promotionele doeleinden met betrekking tot deze actie. <\/p><p>11. Deelnemer aan deze Actie is iedereen die dit bericht leuk vindt en een bericht onder het bericht achterlaat waarom hij\/zij of iemand die hij\/zij kent een Prijs zou moeten winnen. <\/p><p>12. De uiterste inschrijfdatum is maandag 17 februari 2020 - 23:59 uur. <\/p><p>13. Door deel te nemen doet de Deelnemer tevens afstand van alle intellectuele eigendomsrechten. Het eventueel op de inzendingen rustende auteursrecht wordt hierbij door de Deelnemer overgedragen aan Global Bridal Service. De Deelnemer is bereid, indien nodig, een nadere akte met betrekking tot deze overdracht te ondertekenen. <\/p><p>14. In geval van (een vermoeden van) fraude of onrechtmatige manipulatie van de Actie behoudt de Organisator zich het recht voor om Deelnemers uit te sluiten. <\/p><p>15. Deelnemers verklaren dat de door hen verstrekte informatie juist en volledig is.<\/p><p>III. De prijs <\/p><p>16. Er kan in totaal \u00e9\u00e9n (1) Prijs worden gewonnen; de algemene voorwaarden van MSRP van Global Bridal Service zijn van toepassing op de betreffende regio\/land. De Prijs is een Herve Paris Love is Sweet pakket gevuld met snoep. De Prijs kan door de winnaar worden opgehaald bij Global Bridal Service zolang de winnaar zich in de buurt bevindt. De Prijs kan door Global Bridal Service naar de winnaar worden verzonden zolang de winnaar zich in het buitenland bevindt. <\/p><p>17. Na de einddatum van de Actie zal een onafhankelijke jury uit alle Deelnemers \u00e9\u00e9n (1) winnaar kiezen met het leukste en meest indrukwekkende bericht. <\/p><p>18. Over de resultaten kan niet worden gecorrespondeerd. <\/p><p>19. De Prijs kan niet worden geruild voor geld of andere Prijzen en is ook niet overdraagbaar. <\/p><p>20. Onkosten en accessoires zijn niet inbegrepen. <\/p><p>21. De winnaar wordt eind februari bekendgemaakt op de social media kanalen van Herve Paris. <\/p><p>22. De prijs wordt binnen drie weken per e-mail aan de winnaar bevestigd.<\/p><p>23. Voor een Prijs die niet wordt opgehaald of door een winnaar wordt geweigerd, geldt geen vervangingswaarde. Bij weigering van de Prijs vervalt deze aan de Organisator. Vervolgens kan worden besloten de Prijs alsnog toe te kennen aan een andere Deelnemer, waarna deze als uiteindelijke winnaar bekend wordt gemaakt. De Prijs kan ook worden geannuleerd; dit wordt nader bepaald. <\/p><p>24. De Prijs is niet geldig in combinatie met andere Promoties en\/of kortingen.<\/p><p>IV. Aansprakelijkheid <\/p><p>25. De Organisator is niet verantwoordelijk of aansprakelijk voor eventuele extra kosten en\/of reiskosten van de winnaar in verband met deelname aan deze wedstrijd of een andere Promotie en in verband met de aanvaarding, het gebruik of misbruik van de Prijs. <\/p><p>26. De Organisator, assistenten of door hen ingeschakelde derden zijn niet aansprakelijk voor schade veroorzaakt door de door hen toegekende Prijs, noch voor schade of letsel aan eigendommen en\/of personen als gevolg van gebruik of toepassing van de toegekende Prijs. <\/p><p>27. De Organisator is niet verantwoordelijk voor netwerk-, computerhardware- of softwarefouten van welke aard dan ook die beperkte, vertraagde of verloren inzendingen veroorzaken. <\/p><p>28. De Organisator is niet verantwoordelijk of aansprakelijk voor tekortkomingen in de door hem uit te reiken Prijs. De Organisator geeft garantie op de door hem toe te kennen Prijs.<\/p><p>V. Eindvoorwaarden <\/p><p>29. Voor al je vragen, klachten en\/of opmerkingen over deze actie kun je een e-mail sturen naar info@herveparis.com. <\/p><p>30. Nederlands recht is van toepassing op deze Actie. <\/p><p>31. Als zodanig opgesteld in Oldenzaal, Nederland,<\/p><p>13 februari 2020.<\/p>\t\t\t\t\t\t\t\t<\/div>\n\t\t\t\t<\/div>\n\t\t\t\t\t<\/div>\n\t\t<\/div>\n\t\t\t\t\t<\/div>\n\t\t<\/section>\n\t\t\t\t<\/div>","protected":false},"excerpt":{"rendered":"<p>February 13, 2020 General promotional terms and conditions \u201cLike, LetUsKnow &amp; Win 2020\u201d I. General 1. These terms and conditions [&hellip;]<\/p>\n","protected":false},"author":1,"featured_media":0,"parent":0,"menu_order":0,"comment_status":"closed","ping_status":"closed","template":"","meta":{"_acf_changed":false,"_crdt_document":"","om_disable_all_campaigns":false,"site-sidebar-layout":"default","site-content-layout":"","ast-site-content-layout":"default","site-content-style":"default","site-sidebar-style":"default","ast-global-header-display":"","ast-banner-title-visibility":"","ast-main-header-display":"","ast-hfb-above-header-display":"","ast-hfb-below-header-display":"","ast-hfb-mobile-header-display":"","site-post-title":"","ast-breadcrumbs-content":"","ast-featured-img":"","footer-sml-layout":"","ast-disable-related-posts":"","theme-transparent-header-meta":"","adv-header-id-meta":"","stick-header-meta":"","header-above-stick-meta":"","header-main-stick-meta":"","header-below-stick-meta":"","astra-migrate-meta-layouts":"default","ast-page-background-enabled":"default","ast-page-background-meta":{"desktop":{"background-color":"var(--ast-global-color-5)","background-image":"","background-repeat":"repeat","background-position":"center center","background-size":"auto","background-attachment":"scroll","background-type":"","background-media":"","overlay-type":"","overlay-color":"","overlay-opacity":"","overlay-gradient":""},"tablet":{"background-color":"","background-image":"","background-repeat":"repeat","background-position":"center center","background-size":"auto","background-attachment":"scroll","background-type":"","background-media":"","overlay-type":"","overlay-color":"","overlay-opacity":"","overlay-gradient":""},"mobile":{"background-color":"","background-image":"","background-repeat":"repeat","background-position":"center center","background-size":"auto","background-attachment":"scroll","background-type":"","background-media":"","overlay-type":"","overlay-color":"","overlay-opacity":"","overlay-gradient":""}},"ast-content-background-meta":{"desktop":{"background-color":"var(--ast-global-color-4)","background-image":"","background-repeat":"repeat","background-position":"center center","background-size":"auto","background-attachment":"scroll","background-type":"","background-media":"","overlay-type":"","overlay-color":"","overlay-opacity":"","overlay-gradient":""},"tablet":{"background-color":"var(--ast-global-color-4)","background-image":"","background-repeat":"repeat","background-position":"center center","background-size":"auto","background-attachment":"scroll","background-type":"","background-media":"","overlay-type":"","overlay-color":"","overlay-opacity":"","overlay-gradient":""},"mobile":{"background-color":"var(--ast-global-color-4)","background-image":"","background-repeat":"repeat","background-position":"center center","background-size":"auto","background-attachment":"scroll","background-type":"","background-media":"","overlay-type":"","overlay-color":"","overlay-opacity":"","overlay-gradient":""}},"footnotes":""},"class_list":["post-5681","page","type-page","status-publish","hentry"],"acf":[],"yoast_head":"<!-- This site is optimized with the Yoast SEO plugin v27.5 - https:\/\/yoast.com\/product\/yoast-seo-wordpress\/ -->\n<title>Terms &amp; Conditions Valentines Day Raffle - GBS Herve Paris<\/title>\n<meta name=\"robots\" content=\"index, follow, max-snippet:-1, max-image-preview:large, max-video-preview:-1\" \/>\n<link rel=\"canonical\" href=\"https:\/\/www.gbsherveparis.com\/nl\/terms-conditions-valentines-day-raffle\/\" \/>\n<meta property=\"og:locale\" content=\"nl_NL\" \/>\n<meta property=\"og:type\" content=\"article\" \/>\n<meta property=\"og:title\" content=\"Terms &amp; Conditions Valentines Day Raffle - GBS Herve Paris\" \/>\n<meta property=\"og:description\" content=\"February 13, 2020 General promotional terms and conditions \u201cLike, LetUsKnow &amp; Win 2020\u201d I. General 1. These terms and conditions [&hellip;]\" \/>\n<meta property=\"og:url\" content=\"https:\/\/www.gbsherveparis.com\/nl\/terms-conditions-valentines-day-raffle\/\" \/>\n<meta property=\"og:site_name\" content=\"GBS Herve Paris\" \/>\n<meta property=\"article:modified_time\" content=\"2020-02-13T15:35:55+00:00\" \/>\n<meta name=\"twitter:card\" content=\"summary_large_image\" \/>\n<meta name=\"twitter:label1\" content=\"Geschatte leestijd\" \/>\n\t<meta name=\"twitter:data1\" content=\"5 minuten\" \/>\n<script type=\"application\/ld+json\" class=\"yoast-schema-graph\">{\"@context\":\"https:\\\/\\\/schema.org\",\"@graph\":[{\"@type\":\"WebPage\",\"@id\":\"https:\\\/\\\/www.gbsherveparis.com\\\/terms-conditions-valentines-day-raffle\\\/\",\"url\":\"https:\\\/\\\/www.gbsherveparis.com\\\/terms-conditions-valentines-day-raffle\\\/\",\"name\":\"Terms & Conditions Valentines Day Raffle - GBS Herve Paris\",\"isPartOf\":{\"@id\":\"https:\\\/\\\/www.gbsherveparis.com\\\/#website\"},\"datePublished\":\"2020-02-13T15:23:38+00:00\",\"dateModified\":\"2020-02-13T15:35:55+00:00\",\"breadcrumb\":{\"@id\":\"https:\\\/\\\/www.gbsherveparis.com\\\/terms-conditions-valentines-day-raffle\\\/#breadcrumb\"},\"inLanguage\":\"nl-NL\",\"potentialAction\":[{\"@type\":\"ReadAction\",\"target\":[\"https:\\\/\\\/www.gbsherveparis.com\\\/terms-conditions-valentines-day-raffle\\\/\"]}]},{\"@type\":\"BreadcrumbList\",\"@id\":\"https:\\\/\\\/www.gbsherveparis.com\\\/terms-conditions-valentines-day-raffle\\\/#breadcrumb\",\"itemListElement\":[{\"@type\":\"ListItem\",\"position\":1,\"name\":\"Home\",\"item\":\"https:\\\/\\\/www.gbsherveparis.com\\\/\"},{\"@type\":\"ListItem\",\"position\":2,\"name\":\"Terms &#038; Conditions Valentines Day Raffle\"}]},{\"@type\":\"WebSite\",\"@id\":\"https:\\\/\\\/www.gbsherveparis.com\\\/#website\",\"url\":\"https:\\\/\\\/www.gbsherveparis.com\\\/\",\"name\":\"GBS Herve Paris\",\"description\":\"The Libre Collection is out now!\",\"publisher\":{\"@id\":\"https:\\\/\\\/www.gbsherveparis.com\\\/#organization\"},\"potentialAction\":[{\"@type\":\"SearchAction\",\"target\":{\"@type\":\"EntryPoint\",\"urlTemplate\":\"https:\\\/\\\/www.gbsherveparis.com\\\/?s={search_term_string}\"},\"query-input\":{\"@type\":\"PropertyValueSpecification\",\"valueRequired\":true,\"valueName\":\"search_term_string\"}}],\"inLanguage\":\"nl-NL\"},{\"@type\":\"Organization\",\"@id\":\"https:\\\/\\\/www.gbsherveparis.com\\\/#organization\",\"name\":\"GBS Herve Paris\",\"url\":\"https:\\\/\\\/www.gbsherveparis.com\\\/\",\"logo\":{\"@type\":\"ImageObject\",\"inLanguage\":\"nl-NL\",\"@id\":\"https:\\\/\\\/www.gbsherveparis.com\\\/#\\\/schema\\\/logo\\\/image\\\/\",\"url\":\"https:\\\/\\\/www.gbsherveparis.com\\\/wp-content\\\/uploads\\\/2023\\\/11\\\/cropped-GBS-Herve-Paris-logo.png\",\"contentUrl\":\"https:\\\/\\\/www.gbsherveparis.com\\\/wp-content\\\/uploads\\\/2023\\\/11\\\/cropped-GBS-Herve-Paris-logo.png\",\"width\":350,\"height\":100,\"caption\":\"GBS Herve Paris\"},\"image\":{\"@id\":\"https:\\\/\\\/www.gbsherveparis.com\\\/#\\\/schema\\\/logo\\\/image\\\/\"}}]}<\/script>\n<!-- \/ Yoast SEO plugin. -->","yoast_head_json":{"title":"Terms & Conditions Valentines Day Raffle - GBS Herve Paris","robots":{"index":"index","follow":"follow","max-snippet":"max-snippet:-1","max-image-preview":"max-image-preview:large","max-video-preview":"max-video-preview:-1"},"canonical":"https:\/\/www.gbsherveparis.com\/nl\/terms-conditions-valentines-day-raffle\/","og_locale":"nl_NL","og_type":"article","og_title":"Terms & Conditions Valentines Day Raffle - GBS Herve Paris","og_description":"February 13, 2020 General promotional terms and conditions \u201cLike, LetUsKnow &amp; Win 2020\u201d I. General 1. These terms and conditions [&hellip;]","og_url":"https:\/\/www.gbsherveparis.com\/nl\/terms-conditions-valentines-day-raffle\/","og_site_name":"GBS Herve Paris","article_modified_time":"2020-02-13T15:35:55+00:00","twitter_card":"summary_large_image","twitter_misc":{"Geschatte leestijd":"5 minuten"},"schema":{"@context":"https:\/\/schema.org","@graph":[{"@type":"WebPage","@id":"https:\/\/www.gbsherveparis.com\/terms-conditions-valentines-day-raffle\/","url":"https:\/\/www.gbsherveparis.com\/terms-conditions-valentines-day-raffle\/","name":"Terms & Conditions Valentines Day Raffle - GBS Herve Paris","isPartOf":{"@id":"https:\/\/www.gbsherveparis.com\/#website"},"datePublished":"2020-02-13T15:23:38+00:00","dateModified":"2020-02-13T15:35:55+00:00","breadcrumb":{"@id":"https:\/\/www.gbsherveparis.com\/terms-conditions-valentines-day-raffle\/#breadcrumb"},"inLanguage":"nl-NL","potentialAction":[{"@type":"ReadAction","target":["https:\/\/www.gbsherveparis.com\/terms-conditions-valentines-day-raffle\/"]}]},{"@type":"BreadcrumbList","@id":"https:\/\/www.gbsherveparis.com\/terms-conditions-valentines-day-raffle\/#breadcrumb","itemListElement":[{"@type":"ListItem","position":1,"name":"Home","item":"https:\/\/www.gbsherveparis.com\/"},{"@type":"ListItem","position":2,"name":"Terms &#038; Conditions Valentines Day Raffle"}]},{"@type":"WebSite","@id":"https:\/\/www.gbsherveparis.com\/#website","url":"https:\/\/www.gbsherveparis.com\/","name":"GBS Herve Paris","description":"De Libre Collectie is nu uit!","publisher":{"@id":"https:\/\/www.gbsherveparis.com\/#organization"},"potentialAction":[{"@type":"SearchAction","target":{"@type":"EntryPoint","urlTemplate":"https:\/\/www.gbsherveparis.com\/?s={search_term_string}"},"query-input":{"@type":"PropertyValueSpecification","valueRequired":true,"valueName":"search_term_string"}}],"inLanguage":"nl-NL"},{"@type":"Organization","@id":"https:\/\/www.gbsherveparis.com\/#organization","name":"GBS Herve Paris","url":"https:\/\/www.gbsherveparis.com\/","logo":{"@type":"ImageObject","inLanguage":"nl-NL","@id":"https:\/\/www.gbsherveparis.com\/#\/schema\/logo\/image\/","url":"https:\/\/www.gbsherveparis.com\/wp-content\/uploads\/2023\/11\/cropped-GBS-Herve-Paris-logo.png","contentUrl":"https:\/\/www.gbsherveparis.com\/wp-content\/uploads\/2023\/11\/cropped-GBS-Herve-Paris-logo.png","width":350,"height":100,"caption":"GBS Herve Paris"},"image":{"@id":"https:\/\/www.gbsherveparis.com\/#\/schema\/logo\/image\/"}}]}},"_links":{"self":[{"href":"https:\/\/www.gbsherveparis.com\/nl\/wp-json\/wp\/v2\/pages\/5681","targetHints":{"allow":["GET"]}}],"collection":[{"href":"https:\/\/www.gbsherveparis.com\/nl\/wp-json\/wp\/v2\/pages"}],"about":[{"href":"https:\/\/www.gbsherveparis.com\/nl\/wp-json\/wp\/v2\/types\/page"}],"author":[{"embeddable":true,"href":"https:\/\/www.gbsherveparis.com\/nl\/wp-json\/wp\/v2\/users\/1"}],"replies":[{"embeddable":true,"href":"https:\/\/www.gbsherveparis.com\/nl\/wp-json\/wp\/v2\/comments?post=5681"}],"version-history":[{"count":5,"href":"https:\/\/www.gbsherveparis.com\/nl\/wp-json\/wp\/v2\/pages\/5681\/revisions"}],"predecessor-version":[{"id":5688,"href":"https:\/\/www.gbsherveparis.com\/nl\/wp-json\/wp\/v2\/pages\/5681\/revisions\/5688"}],"wp:attachment":[{"href":"https:\/\/www.gbsherveparis.com\/nl\/wp-json\/wp\/v2\/media?parent=5681"}],"curies":[{"name":"wp","href":"https:\/\/api.w.org\/{rel}","templated":true}]}}