{"id":10827,"date":"2023-05-05T14:18:05","date_gmt":"2023-05-05T14:18:05","guid":{"rendered":"https:\/\/www.gbsherveparis.com\/?post_type=product&#038;p=10827"},"modified":"2024-03-29T15:50:34","modified_gmt":"2024-03-29T15:50:34","slug":"charlie","status":"publish","type":"product","link":"https:\/\/www.gbsherveparis.com\/de\/wedding-dress\/charlie\/","title":{"rendered":"Charlie"},"content":{"rendered":"","protected":false},"excerpt":{"rendered":"<p>Lassen Sie sich von der faszinierenden Sch\u00f6nheit von The Charlie verzaubern, bei der jedes Detail ein Bild von exquisiter Eleganz zeichnet. Dieses bezaubernde Kleid umarmt zarte <a href=\"https:\/\/www.gbsherveparis.com\/de\/2023\/09\/04\/destination-wedding-dress-inspiration\/\">blumige Spitzen-Verzierungen<\/a>, und schm\u00fccken das Mieder mit kunstvollen Verzierungen. Ein fesselnder V-Ausschnitt sorgt f\u00fcr einen Hauch von Verf\u00fchrung, w\u00e4hrend die langen, durchsichtigen \u00c4rmel einen Hauch von anmutiger Verzauberung ausstrahlen.<\/p>\n<p><iframe title=\"GBS Herve Paris | Cherish Love Kollektion - Charlie\" src=\"https:\/\/www.youtube.com\/embed\/ooGpv4p8lRU\" width=\"464\" height=\"824\" frameborder=\"0\" allowfullscreen=\"allowfullscreen\"><\/iframe><\/p>","protected":false},"featured_media":10829,"template":"","meta":{"_acf_changed":false,"_crdt_document":"","om_disable_all_campaigns":false,"site-sidebar-layout":"default","site-content-layout":"","ast-site-content-layout":"default","site-content-style":"default","site-sidebar-style":"default","ast-global-header-display":"","ast-banner-title-visibility":"","ast-main-header-display":"","ast-hfb-above-header-display":"","ast-hfb-below-header-display":"","ast-hfb-mobile-header-display":"","site-post-title":"","ast-breadcrumbs-content":"","ast-featured-img":"","footer-sml-layout":"","ast-disable-related-posts":"","theme-transparent-header-meta":"","adv-header-id-meta":"","stick-header-meta":"","header-above-stick-meta":"","header-main-stick-meta":"","header-below-stick-meta":"","astra-migrate-meta-layouts":"default","ast-page-background-enabled":"default","ast-page-background-meta":{"desktop":{"background-color":"var(--ast-global-color-5)","background-image":"","background-repeat":"repeat","background-position":"center center","background-size":"auto","background-attachment":"scroll","background-type":"","background-media":"","overlay-type":"","overlay-color":"","overlay-opacity":"","overlay-gradient":""},"tablet":{"background-color":"","background-image":"","background-repeat":"repeat","background-position":"center center","background-size":"auto","background-attachment":"scroll","background-type":"","background-media":"","overlay-type":"","overlay-color":"","overlay-opacity":"","overlay-gradient":""},"mobile":{"background-color":"","background-image":"","background-repeat":"repeat","background-position":"center center","background-size":"auto","background-attachment":"scroll","background-type":"","background-media":"","overlay-type":"","overlay-color":"","overlay-opacity":"","overlay-gradient":""}},"ast-content-background-meta":{"desktop":{"background-color":"var(--ast-global-color-4)","background-image":"","background-repeat":"repeat","background-position":"center center","background-size":"auto","background-attachment":"scroll","background-type":"","background-media":"","overlay-type":"","overlay-color":"","overlay-opacity":"","overlay-gradient":""},"tablet":{"background-color":"var(--ast-global-color-4)","background-image":"","background-repeat":"repeat","background-position":"center center","background-size":"auto","background-attachment":"scroll","background-type":"","background-media":"","overlay-type":"","overlay-color":"","overlay-opacity":"","overlay-gradient":""},"mobile":{"background-color":"var(--ast-global-color-4)","background-image":"","background-repeat":"repeat","background-position":"center center","background-size":"auto","background-attachment":"scroll","background-type":"","background-media":"","overlay-type":"","overlay-color":"","overlay-opacity":"","overlay-gradient":""}}},"product_brand":[],"product_cat":[86],"product_tag":[115],"class_list":{"0":"post-10827","1":"product","2":"type-product","3":"status-publish","4":"has-post-thumbnail","6":"product_cat-cherish-love","7":"product_tag-a-line-silhouette","8":"desktop-align-left","9":"tablet-align-left","10":"mobile-align-left","12":"first","13":"instock","14":"shipping-taxable","15":"product-type-simple"},"acf":[],"yoast_head":"<!-- This site is optimized with the Yoast SEO plugin v27.3 - https:\/\/yoast.com\/product\/yoast-seo-wordpress\/ -->\n<title>Charlie - GBS Herve Paris<\/title>\n<meta name=\"robots\" content=\"index, follow, max-snippet:-1, max-image-preview:large, max-video-preview:-1\" \/>\n<link rel=\"canonical\" href=\"https:\/\/www.gbsherveparis.com\/de\/wedding-dress\/charlie\/\" \/>\n<meta property=\"og:locale\" content=\"de_DE\" \/>\n<meta property=\"og:type\" content=\"article\" \/>\n<meta property=\"og:title\" content=\"Charlie - GBS Herve Paris\" \/>\n<meta property=\"og:description\" content=\"Indulge in the mesmerizing beauty of The Charlie, where every detail paints a picture of exquisite elegance. This enchanting gown embraces delicate flowery lace embellishments, adorning the bodice with intricate artistry. A captivating V-neckline adds a touch of allure, while the long, sheer sleeves exude an air of graceful enchantment.\" \/>\n<meta property=\"og:url\" content=\"https:\/\/www.gbsherveparis.com\/de\/wedding-dress\/charlie\/\" \/>\n<meta property=\"og:site_name\" content=\"GBS Herve Paris\" \/>\n<meta property=\"article:modified_time\" content=\"2024-03-29T15:50:34+00:00\" \/>\n<meta property=\"og:image\" content=\"https:\/\/www.gbsherveparis.com\/wp-content\/uploads\/2023\/05\/Cherish-Love-Collection_Charlie_AFront1_10017600_H0A4901-scaled.jpeg\" \/>\n\t<meta property=\"og:image:width\" content=\"1829\" \/>\n\t<meta property=\"og:image:height\" content=\"2560\" \/>\n\t<meta property=\"og:image:type\" content=\"image\/jpeg\" \/>\n<meta name=\"twitter:card\" content=\"summary_large_image\" \/>\n<script type=\"application\/ld+json\" class=\"yoast-schema-graph\">{\"@context\":\"https:\\\/\\\/schema.org\",\"@graph\":[{\"@type\":\"WebPage\",\"@id\":\"https:\\\/\\\/www.gbsherveparis.com\\\/wedding-dress\\\/charlie\\\/\",\"url\":\"https:\\\/\\\/www.gbsherveparis.com\\\/wedding-dress\\\/charlie\\\/\",\"name\":\"Charlie - GBS Herve Paris\",\"isPartOf\":{\"@id\":\"https:\\\/\\\/www.gbsherveparis.com\\\/#website\"},\"primaryImageOfPage\":{\"@id\":\"https:\\\/\\\/www.gbsherveparis.com\\\/wedding-dress\\\/charlie\\\/#primaryimage\"},\"image\":{\"@id\":\"https:\\\/\\\/www.gbsherveparis.com\\\/wedding-dress\\\/charlie\\\/#primaryimage\"},\"thumbnailUrl\":\"https:\\\/\\\/www.gbsherveparis.com\\\/wp-content\\\/uploads\\\/2023\\\/05\\\/Cherish-Love-Collection_Charlie_AFront1_10017600_H0A4901-scaled.jpeg\",\"datePublished\":\"2023-05-05T14:18:05+00:00\",\"dateModified\":\"2024-03-29T15:50:34+00:00\",\"breadcrumb\":{\"@id\":\"https:\\\/\\\/www.gbsherveparis.com\\\/wedding-dress\\\/charlie\\\/#breadcrumb\"},\"inLanguage\":\"de\",\"potentialAction\":[{\"@type\":\"ReadAction\",\"target\":[\"https:\\\/\\\/www.gbsherveparis.com\\\/wedding-dress\\\/charlie\\\/\"]}]},{\"@type\":\"ImageObject\",\"inLanguage\":\"de\",\"@id\":\"https:\\\/\\\/www.gbsherveparis.com\\\/wedding-dress\\\/charlie\\\/#primaryimage\",\"url\":\"https:\\\/\\\/www.gbsherveparis.com\\\/wp-content\\\/uploads\\\/2023\\\/05\\\/Cherish-Love-Collection_Charlie_AFront1_10017600_H0A4901-scaled.jpeg\",\"contentUrl\":\"https:\\\/\\\/www.gbsherveparis.com\\\/wp-content\\\/uploads\\\/2023\\\/05\\\/Cherish-Love-Collection_Charlie_AFront1_10017600_H0A4901-scaled.jpeg\",\"width\":1829,\"height\":2560,\"caption\":\"GBS Herve Paris - Wedding Dress Charlie\"},{\"@type\":\"BreadcrumbList\",\"@id\":\"https:\\\/\\\/www.gbsherveparis.com\\\/wedding-dress\\\/charlie\\\/#breadcrumb\",\"itemListElement\":[{\"@type\":\"ListItem\",\"position\":1,\"name\":\"Home\",\"item\":\"https:\\\/\\\/www.gbsherveparis.com\\\/\"},{\"@type\":\"ListItem\",\"position\":2,\"name\":\"Collections\",\"item\":\"https:\\\/\\\/www.gbsherveparis.com\\\/collections\\\/\"},{\"@type\":\"ListItem\",\"position\":3,\"name\":\"Charlie\"}]},{\"@type\":\"WebSite\",\"@id\":\"https:\\\/\\\/www.gbsherveparis.com\\\/#website\",\"url\":\"https:\\\/\\\/www.gbsherveparis.com\\\/\",\"name\":\"GBS Herve Paris\",\"description\":\"The Libre Collection is out now!\",\"publisher\":{\"@id\":\"https:\\\/\\\/www.gbsherveparis.com\\\/#organization\"},\"potentialAction\":[{\"@type\":\"SearchAction\",\"target\":{\"@type\":\"EntryPoint\",\"urlTemplate\":\"https:\\\/\\\/www.gbsherveparis.com\\\/?s={search_term_string}\"},\"query-input\":{\"@type\":\"PropertyValueSpecification\",\"valueRequired\":true,\"valueName\":\"search_term_string\"}}],\"inLanguage\":\"de\"},{\"@type\":\"Organization\",\"@id\":\"https:\\\/\\\/www.gbsherveparis.com\\\/#organization\",\"name\":\"GBS Herve Paris\",\"url\":\"https:\\\/\\\/www.gbsherveparis.com\\\/\",\"logo\":{\"@type\":\"ImageObject\",\"inLanguage\":\"de\",\"@id\":\"https:\\\/\\\/www.gbsherveparis.com\\\/#\\\/schema\\\/logo\\\/image\\\/\",\"url\":\"https:\\\/\\\/www.gbsherveparis.com\\\/wp-content\\\/uploads\\\/2023\\\/11\\\/cropped-GBS-Herve-Paris-logo.png\",\"contentUrl\":\"https:\\\/\\\/www.gbsherveparis.com\\\/wp-content\\\/uploads\\\/2023\\\/11\\\/cropped-GBS-Herve-Paris-logo.png\",\"width\":350,\"height\":100,\"caption\":\"GBS Herve Paris\"},\"image\":{\"@id\":\"https:\\\/\\\/www.gbsherveparis.com\\\/#\\\/schema\\\/logo\\\/image\\\/\"}}]}<\/script>\n<!-- \/ Yoast SEO plugin. -->","yoast_head_json":{"title":"Charlie - GBS Herve Paris","robots":{"index":"index","follow":"follow","max-snippet":"max-snippet:-1","max-image-preview":"max-image-preview:large","max-video-preview":"max-video-preview:-1"},"canonical":"https:\/\/www.gbsherveparis.com\/de\/wedding-dress\/charlie\/","og_locale":"de_DE","og_type":"article","og_title":"Charlie - GBS Herve Paris","og_description":"Indulge in the mesmerizing beauty of The Charlie, where every detail paints a picture of exquisite elegance. This enchanting gown embraces delicate flowery lace embellishments, adorning the bodice with intricate artistry. A captivating V-neckline adds a touch of allure, while the long, sheer sleeves exude an air of graceful enchantment.","og_url":"https:\/\/www.gbsherveparis.com\/de\/wedding-dress\/charlie\/","og_site_name":"GBS Herve Paris","article_modified_time":"2024-03-29T15:50:34+00:00","og_image":[{"width":1829,"height":2560,"url":"https:\/\/www.gbsherveparis.com\/wp-content\/uploads\/2023\/05\/Cherish-Love-Collection_Charlie_AFront1_10017600_H0A4901-scaled.jpeg","type":"image\/jpeg"}],"twitter_card":"summary_large_image","schema":{"@context":"https:\/\/schema.org","@graph":[{"@type":"WebPage","@id":"https:\/\/www.gbsherveparis.com\/wedding-dress\/charlie\/","url":"https:\/\/www.gbsherveparis.com\/wedding-dress\/charlie\/","name":"Charlie - GBS Herve Paris","isPartOf":{"@id":"https:\/\/www.gbsherveparis.com\/#website"},"primaryImageOfPage":{"@id":"https:\/\/www.gbsherveparis.com\/wedding-dress\/charlie\/#primaryimage"},"image":{"@id":"https:\/\/www.gbsherveparis.com\/wedding-dress\/charlie\/#primaryimage"},"thumbnailUrl":"https:\/\/www.gbsherveparis.com\/wp-content\/uploads\/2023\/05\/Cherish-Love-Collection_Charlie_AFront1_10017600_H0A4901-scaled.jpeg","datePublished":"2023-05-05T14:18:05+00:00","dateModified":"2024-03-29T15:50:34+00:00","breadcrumb":{"@id":"https:\/\/www.gbsherveparis.com\/wedding-dress\/charlie\/#breadcrumb"},"inLanguage":"de","potentialAction":[{"@type":"ReadAction","target":["https:\/\/www.gbsherveparis.com\/wedding-dress\/charlie\/"]}]},{"@type":"ImageObject","inLanguage":"de","@id":"https:\/\/www.gbsherveparis.com\/wedding-dress\/charlie\/#primaryimage","url":"https:\/\/www.gbsherveparis.com\/wp-content\/uploads\/2023\/05\/Cherish-Love-Collection_Charlie_AFront1_10017600_H0A4901-scaled.jpeg","contentUrl":"https:\/\/www.gbsherveparis.com\/wp-content\/uploads\/2023\/05\/Cherish-Love-Collection_Charlie_AFront1_10017600_H0A4901-scaled.jpeg","width":1829,"height":2560,"caption":"GBS Herve Paris - Wedding Dress Charlie"},{"@type":"BreadcrumbList","@id":"https:\/\/www.gbsherveparis.com\/wedding-dress\/charlie\/#breadcrumb","itemListElement":[{"@type":"ListItem","position":1,"name":"Home","item":"https:\/\/www.gbsherveparis.com\/"},{"@type":"ListItem","position":2,"name":"Collections","item":"https:\/\/www.gbsherveparis.com\/collections\/"},{"@type":"ListItem","position":3,"name":"Charlie"}]},{"@type":"WebSite","@id":"https:\/\/www.gbsherveparis.com\/#website","url":"https:\/\/www.gbsherveparis.com\/","name":"GBS Herve Paris","description":"Die Libre Collection ist jetzt erh\u00e4ltlich!","publisher":{"@id":"https:\/\/www.gbsherveparis.com\/#organization"},"potentialAction":[{"@type":"SearchAction","target":{"@type":"EntryPoint","urlTemplate":"https:\/\/www.gbsherveparis.com\/?s={search_term_string}"},"query-input":{"@type":"PropertyValueSpecification","valueRequired":true,"valueName":"search_term_string"}}],"inLanguage":"de"},{"@type":"Organization","@id":"https:\/\/www.gbsherveparis.com\/#organization","name":"GBS Herve Paris","url":"https:\/\/www.gbsherveparis.com\/","logo":{"@type":"ImageObject","inLanguage":"de","@id":"https:\/\/www.gbsherveparis.com\/#\/schema\/logo\/image\/","url":"https:\/\/www.gbsherveparis.com\/wp-content\/uploads\/2023\/11\/cropped-GBS-Herve-Paris-logo.png","contentUrl":"https:\/\/www.gbsherveparis.com\/wp-content\/uploads\/2023\/11\/cropped-GBS-Herve-Paris-logo.png","width":350,"height":100,"caption":"GBS Herve Paris"},"image":{"@id":"https:\/\/www.gbsherveparis.com\/#\/schema\/logo\/image\/"}}]}},"_links":{"self":[{"href":"https:\/\/www.gbsherveparis.com\/de\/wp-json\/wp\/v2\/product\/10827","targetHints":{"allow":["GET"]}}],"collection":[{"href":"https:\/\/www.gbsherveparis.com\/de\/wp-json\/wp\/v2\/product"}],"about":[{"href":"https:\/\/www.gbsherveparis.com\/de\/wp-json\/wp\/v2\/types\/product"}],"version-history":[{"count":6,"href":"https:\/\/www.gbsherveparis.com\/de\/wp-json\/wp\/v2\/product\/10827\/revisions"}],"predecessor-version":[{"id":12031,"href":"https:\/\/www.gbsherveparis.com\/de\/wp-json\/wp\/v2\/product\/10827\/revisions\/12031"}],"wp:featuredmedia":[{"embeddable":true,"href":"https:\/\/www.gbsherveparis.com\/de\/wp-json\/wp\/v2\/media\/10829"}],"wp:attachment":[{"href":"https:\/\/www.gbsherveparis.com\/de\/wp-json\/wp\/v2\/media?parent=10827"}],"wp:term":[{"taxonomy":"product_brand","embeddable":true,"href":"https:\/\/www.gbsherveparis.com\/de\/wp-json\/wp\/v2\/product_brand?post=10827"},{"taxonomy":"product_cat","embeddable":true,"href":"https:\/\/www.gbsherveparis.com\/de\/wp-json\/wp\/v2\/product_cat?post=10827"},{"taxonomy":"product_tag","embeddable":true,"href":"https:\/\/www.gbsherveparis.com\/de\/wp-json\/wp\/v2\/product_tag?post=10827"}],"curies":[{"name":"wp","href":"https:\/\/api.w.org\/{rel}","templated":true}]}}