{"id":10762,"date":"2023-05-05T13:41:54","date_gmt":"2023-05-05T13:41:54","guid":{"rendered":"https:\/\/www.gbsherveparis.com\/?post_type=product&#038;p=10762"},"modified":"2024-03-29T15:48:40","modified_gmt":"2024-03-29T15:48:40","slug":"candice","status":"publish","type":"product","link":"https:\/\/www.gbsherveparis.com\/de\/wedding-dress\/candice\/","title":{"rendered":"Candice"},"content":{"rendered":"","protected":false},"excerpt":{"rendered":"<p>Mit unserem Candice-Kleid k\u00f6nnen Sie sich ganz der Boh\u00e8me hingeben. Eine atemberaubende Kombination aus einer A-Linien-Silhouette mit ikonischen abnehmbaren \u00c4rmeln.<\/p>\n<p>Der unglaubliche Chiffonrock und die V-f\u00f6rmige R\u00fcckenpartie sorgen f\u00fcr ein wenig Leidenschaft und Eleganz.<\/p>\n<p>Perfekt f\u00fcr die Frau, die sich behaupten will.<\/p>\n<p><iframe title=\"GBS Herve Paris | Cherish Love Kollektion - Candice\" src=\"https:\/\/www.youtube.com\/embed\/wJgsFC7IN10\" width=\"458\" height=\"815\" frameborder=\"0\" allowfullscreen=\"allowfullscreen\"><\/iframe><\/p>","protected":false},"featured_media":10764,"template":"","meta":{"_acf_changed":false,"_crdt_document":"","om_disable_all_campaigns":false,"site-sidebar-layout":"default","site-content-layout":"","ast-site-content-layout":"default","site-content-style":"default","site-sidebar-style":"default","ast-global-header-display":"","ast-banner-title-visibility":"","ast-main-header-display":"","ast-hfb-above-header-display":"","ast-hfb-below-header-display":"","ast-hfb-mobile-header-display":"","site-post-title":"","ast-breadcrumbs-content":"","ast-featured-img":"","footer-sml-layout":"","ast-disable-related-posts":"","theme-transparent-header-meta":"","adv-header-id-meta":"","stick-header-meta":"","header-above-stick-meta":"","header-main-stick-meta":"","header-below-stick-meta":"","astra-migrate-meta-layouts":"default","ast-page-background-enabled":"default","ast-page-background-meta":{"desktop":{"background-color":"var(--ast-global-color-5)","background-image":"","background-repeat":"repeat","background-position":"center center","background-size":"auto","background-attachment":"scroll","background-type":"","background-media":"","overlay-type":"","overlay-color":"","overlay-opacity":"","overlay-gradient":""},"tablet":{"background-color":"","background-image":"","background-repeat":"repeat","background-position":"center center","background-size":"auto","background-attachment":"scroll","background-type":"","background-media":"","overlay-type":"","overlay-color":"","overlay-opacity":"","overlay-gradient":""},"mobile":{"background-color":"","background-image":"","background-repeat":"repeat","background-position":"center center","background-size":"auto","background-attachment":"scroll","background-type":"","background-media":"","overlay-type":"","overlay-color":"","overlay-opacity":"","overlay-gradient":""}},"ast-content-background-meta":{"desktop":{"background-color":"var(--ast-global-color-4)","background-image":"","background-repeat":"repeat","background-position":"center center","background-size":"auto","background-attachment":"scroll","background-type":"","background-media":"","overlay-type":"","overlay-color":"","overlay-opacity":"","overlay-gradient":""},"tablet":{"background-color":"var(--ast-global-color-4)","background-image":"","background-repeat":"repeat","background-position":"center center","background-size":"auto","background-attachment":"scroll","background-type":"","background-media":"","overlay-type":"","overlay-color":"","overlay-opacity":"","overlay-gradient":""},"mobile":{"background-color":"var(--ast-global-color-4)","background-image":"","background-repeat":"repeat","background-position":"center center","background-size":"auto","background-attachment":"scroll","background-type":"","background-media":"","overlay-type":"","overlay-color":"","overlay-opacity":"","overlay-gradient":""}}},"product_brand":[],"product_cat":[86],"product_tag":[115],"class_list":{"0":"post-10762","1":"product","2":"type-product","3":"status-publish","4":"has-post-thumbnail","6":"product_cat-cherish-love","7":"product_tag-a-line-silhouette","8":"desktop-align-left","9":"tablet-align-left","10":"mobile-align-left","12":"first","13":"instock","14":"shipping-taxable","15":"product-type-simple"},"acf":[],"yoast_head":"<!-- This site is optimized with the Yoast SEO plugin v27.4 - https:\/\/yoast.com\/product\/yoast-seo-wordpress\/ -->\n<title>Candice - GBS Herve Paris<\/title>\n<meta name=\"robots\" content=\"index, follow, max-snippet:-1, max-image-preview:large, max-video-preview:-1\" \/>\n<link rel=\"canonical\" href=\"https:\/\/www.gbsherveparis.com\/de\/wedding-dress\/candice\/\" \/>\n<meta property=\"og:locale\" content=\"de_DE\" \/>\n<meta property=\"og:type\" content=\"article\" \/>\n<meta property=\"og:title\" content=\"Candice - GBS Herve Paris\" \/>\n<meta property=\"og:description\" content=\"Step into your true bohemian self with our Candice gown. A stunning combination of an A-line silhouette with iconic detachable sleeves.  Adding a little passion and elegance is the incredible chiffon skirt and\u00a0 V-shape back.  Designed perfectly for the woman who holds her own.\" \/>\n<meta property=\"og:url\" content=\"https:\/\/www.gbsherveparis.com\/de\/wedding-dress\/candice\/\" \/>\n<meta property=\"og:site_name\" content=\"GBS Herve Paris\" \/>\n<meta property=\"article:modified_time\" content=\"2024-03-29T15:48:40+00:00\" \/>\n<meta property=\"og:image\" content=\"https:\/\/www.gbsherveparis.com\/wp-content\/uploads\/2023\/05\/Cherish_Love_Collection_Candice_AFront1_10016100_d1_2866-scaled.jpeg\" \/>\n\t<meta property=\"og:image:width\" content=\"1829\" \/>\n\t<meta property=\"og:image:height\" content=\"2560\" \/>\n\t<meta property=\"og:image:type\" content=\"image\/jpeg\" \/>\n<meta name=\"twitter:card\" content=\"summary_large_image\" \/>\n<script type=\"application\/ld+json\" class=\"yoast-schema-graph\">{\"@context\":\"https:\\\/\\\/schema.org\",\"@graph\":[{\"@type\":\"WebPage\",\"@id\":\"https:\\\/\\\/www.gbsherveparis.com\\\/wedding-dress\\\/candice\\\/\",\"url\":\"https:\\\/\\\/www.gbsherveparis.com\\\/wedding-dress\\\/candice\\\/\",\"name\":\"Candice - GBS Herve Paris\",\"isPartOf\":{\"@id\":\"https:\\\/\\\/www.gbsherveparis.com\\\/#website\"},\"primaryImageOfPage\":{\"@id\":\"https:\\\/\\\/www.gbsherveparis.com\\\/wedding-dress\\\/candice\\\/#primaryimage\"},\"image\":{\"@id\":\"https:\\\/\\\/www.gbsherveparis.com\\\/wedding-dress\\\/candice\\\/#primaryimage\"},\"thumbnailUrl\":\"https:\\\/\\\/www.gbsherveparis.com\\\/wp-content\\\/uploads\\\/2023\\\/05\\\/Cherish_Love_Collection_Candice_AFront1_10016100_d1_2866-scaled.jpeg\",\"datePublished\":\"2023-05-05T13:41:54+00:00\",\"dateModified\":\"2024-03-29T15:48:40+00:00\",\"breadcrumb\":{\"@id\":\"https:\\\/\\\/www.gbsherveparis.com\\\/wedding-dress\\\/candice\\\/#breadcrumb\"},\"inLanguage\":\"de\",\"potentialAction\":[{\"@type\":\"ReadAction\",\"target\":[\"https:\\\/\\\/www.gbsherveparis.com\\\/wedding-dress\\\/candice\\\/\"]}]},{\"@type\":\"ImageObject\",\"inLanguage\":\"de\",\"@id\":\"https:\\\/\\\/www.gbsherveparis.com\\\/wedding-dress\\\/candice\\\/#primaryimage\",\"url\":\"https:\\\/\\\/www.gbsherveparis.com\\\/wp-content\\\/uploads\\\/2023\\\/05\\\/Cherish_Love_Collection_Candice_AFront1_10016100_d1_2866-scaled.jpeg\",\"contentUrl\":\"https:\\\/\\\/www.gbsherveparis.com\\\/wp-content\\\/uploads\\\/2023\\\/05\\\/Cherish_Love_Collection_Candice_AFront1_10016100_d1_2866-scaled.jpeg\",\"width\":1829,\"height\":2560,\"caption\":\"GBS Herve Paris - Wedding Dress Candice\"},{\"@type\":\"BreadcrumbList\",\"@id\":\"https:\\\/\\\/www.gbsherveparis.com\\\/wedding-dress\\\/candice\\\/#breadcrumb\",\"itemListElement\":[{\"@type\":\"ListItem\",\"position\":1,\"name\":\"Home\",\"item\":\"https:\\\/\\\/www.gbsherveparis.com\\\/\"},{\"@type\":\"ListItem\",\"position\":2,\"name\":\"Collections\",\"item\":\"https:\\\/\\\/www.gbsherveparis.com\\\/collections\\\/\"},{\"@type\":\"ListItem\",\"position\":3,\"name\":\"Candice\"}]},{\"@type\":\"WebSite\",\"@id\":\"https:\\\/\\\/www.gbsherveparis.com\\\/#website\",\"url\":\"https:\\\/\\\/www.gbsherveparis.com\\\/\",\"name\":\"GBS Herve Paris\",\"description\":\"The Libre Collection is out now!\",\"publisher\":{\"@id\":\"https:\\\/\\\/www.gbsherveparis.com\\\/#organization\"},\"potentialAction\":[{\"@type\":\"SearchAction\",\"target\":{\"@type\":\"EntryPoint\",\"urlTemplate\":\"https:\\\/\\\/www.gbsherveparis.com\\\/?s={search_term_string}\"},\"query-input\":{\"@type\":\"PropertyValueSpecification\",\"valueRequired\":true,\"valueName\":\"search_term_string\"}}],\"inLanguage\":\"de\"},{\"@type\":\"Organization\",\"@id\":\"https:\\\/\\\/www.gbsherveparis.com\\\/#organization\",\"name\":\"GBS Herve Paris\",\"url\":\"https:\\\/\\\/www.gbsherveparis.com\\\/\",\"logo\":{\"@type\":\"ImageObject\",\"inLanguage\":\"de\",\"@id\":\"https:\\\/\\\/www.gbsherveparis.com\\\/#\\\/schema\\\/logo\\\/image\\\/\",\"url\":\"https:\\\/\\\/www.gbsherveparis.com\\\/wp-content\\\/uploads\\\/2023\\\/11\\\/cropped-GBS-Herve-Paris-logo.png\",\"contentUrl\":\"https:\\\/\\\/www.gbsherveparis.com\\\/wp-content\\\/uploads\\\/2023\\\/11\\\/cropped-GBS-Herve-Paris-logo.png\",\"width\":350,\"height\":100,\"caption\":\"GBS Herve Paris\"},\"image\":{\"@id\":\"https:\\\/\\\/www.gbsherveparis.com\\\/#\\\/schema\\\/logo\\\/image\\\/\"}}]}<\/script>\n<!-- \/ Yoast SEO plugin. -->","yoast_head_json":{"title":"Candice - GBS Herve Paris","robots":{"index":"index","follow":"follow","max-snippet":"max-snippet:-1","max-image-preview":"max-image-preview:large","max-video-preview":"max-video-preview:-1"},"canonical":"https:\/\/www.gbsherveparis.com\/de\/wedding-dress\/candice\/","og_locale":"de_DE","og_type":"article","og_title":"Candice - GBS Herve Paris","og_description":"Step into your true bohemian self with our Candice gown. A stunning combination of an A-line silhouette with iconic detachable sleeves.  Adding a little passion and elegance is the incredible chiffon skirt and\u00a0 V-shape back.  Designed perfectly for the woman who holds her own.","og_url":"https:\/\/www.gbsherveparis.com\/de\/wedding-dress\/candice\/","og_site_name":"GBS Herve Paris","article_modified_time":"2024-03-29T15:48:40+00:00","og_image":[{"width":1829,"height":2560,"url":"https:\/\/www.gbsherveparis.com\/wp-content\/uploads\/2023\/05\/Cherish_Love_Collection_Candice_AFront1_10016100_d1_2866-scaled.jpeg","type":"image\/jpeg"}],"twitter_card":"summary_large_image","schema":{"@context":"https:\/\/schema.org","@graph":[{"@type":"WebPage","@id":"https:\/\/www.gbsherveparis.com\/wedding-dress\/candice\/","url":"https:\/\/www.gbsherveparis.com\/wedding-dress\/candice\/","name":"Candice - GBS Herve Paris","isPartOf":{"@id":"https:\/\/www.gbsherveparis.com\/#website"},"primaryImageOfPage":{"@id":"https:\/\/www.gbsherveparis.com\/wedding-dress\/candice\/#primaryimage"},"image":{"@id":"https:\/\/www.gbsherveparis.com\/wedding-dress\/candice\/#primaryimage"},"thumbnailUrl":"https:\/\/www.gbsherveparis.com\/wp-content\/uploads\/2023\/05\/Cherish_Love_Collection_Candice_AFront1_10016100_d1_2866-scaled.jpeg","datePublished":"2023-05-05T13:41:54+00:00","dateModified":"2024-03-29T15:48:40+00:00","breadcrumb":{"@id":"https:\/\/www.gbsherveparis.com\/wedding-dress\/candice\/#breadcrumb"},"inLanguage":"de","potentialAction":[{"@type":"ReadAction","target":["https:\/\/www.gbsherveparis.com\/wedding-dress\/candice\/"]}]},{"@type":"ImageObject","inLanguage":"de","@id":"https:\/\/www.gbsherveparis.com\/wedding-dress\/candice\/#primaryimage","url":"https:\/\/www.gbsherveparis.com\/wp-content\/uploads\/2023\/05\/Cherish_Love_Collection_Candice_AFront1_10016100_d1_2866-scaled.jpeg","contentUrl":"https:\/\/www.gbsherveparis.com\/wp-content\/uploads\/2023\/05\/Cherish_Love_Collection_Candice_AFront1_10016100_d1_2866-scaled.jpeg","width":1829,"height":2560,"caption":"GBS Herve Paris - Wedding Dress Candice"},{"@type":"BreadcrumbList","@id":"https:\/\/www.gbsherveparis.com\/wedding-dress\/candice\/#breadcrumb","itemListElement":[{"@type":"ListItem","position":1,"name":"Home","item":"https:\/\/www.gbsherveparis.com\/"},{"@type":"ListItem","position":2,"name":"Collections","item":"https:\/\/www.gbsherveparis.com\/collections\/"},{"@type":"ListItem","position":3,"name":"Candice"}]},{"@type":"WebSite","@id":"https:\/\/www.gbsherveparis.com\/#website","url":"https:\/\/www.gbsherveparis.com\/","name":"GBS Herve Paris","description":"Die Libre Collection ist jetzt erh\u00e4ltlich!","publisher":{"@id":"https:\/\/www.gbsherveparis.com\/#organization"},"potentialAction":[{"@type":"SearchAction","target":{"@type":"EntryPoint","urlTemplate":"https:\/\/www.gbsherveparis.com\/?s={search_term_string}"},"query-input":{"@type":"PropertyValueSpecification","valueRequired":true,"valueName":"search_term_string"}}],"inLanguage":"de"},{"@type":"Organization","@id":"https:\/\/www.gbsherveparis.com\/#organization","name":"GBS Herve Paris","url":"https:\/\/www.gbsherveparis.com\/","logo":{"@type":"ImageObject","inLanguage":"de","@id":"https:\/\/www.gbsherveparis.com\/#\/schema\/logo\/image\/","url":"https:\/\/www.gbsherveparis.com\/wp-content\/uploads\/2023\/11\/cropped-GBS-Herve-Paris-logo.png","contentUrl":"https:\/\/www.gbsherveparis.com\/wp-content\/uploads\/2023\/11\/cropped-GBS-Herve-Paris-logo.png","width":350,"height":100,"caption":"GBS Herve Paris"},"image":{"@id":"https:\/\/www.gbsherveparis.com\/#\/schema\/logo\/image\/"}}]}},"_links":{"self":[{"href":"https:\/\/www.gbsherveparis.com\/de\/wp-json\/wp\/v2\/product\/10762","targetHints":{"allow":["GET"]}}],"collection":[{"href":"https:\/\/www.gbsherveparis.com\/de\/wp-json\/wp\/v2\/product"}],"about":[{"href":"https:\/\/www.gbsherveparis.com\/de\/wp-json\/wp\/v2\/types\/product"}],"version-history":[{"count":4,"href":"https:\/\/www.gbsherveparis.com\/de\/wp-json\/wp\/v2\/product\/10762\/revisions"}],"predecessor-version":[{"id":10918,"href":"https:\/\/www.gbsherveparis.com\/de\/wp-json\/wp\/v2\/product\/10762\/revisions\/10918"}],"wp:featuredmedia":[{"embeddable":true,"href":"https:\/\/www.gbsherveparis.com\/de\/wp-json\/wp\/v2\/media\/10764"}],"wp:attachment":[{"href":"https:\/\/www.gbsherveparis.com\/de\/wp-json\/wp\/v2\/media?parent=10762"}],"wp:term":[{"taxonomy":"product_brand","embeddable":true,"href":"https:\/\/www.gbsherveparis.com\/de\/wp-json\/wp\/v2\/product_brand?post=10762"},{"taxonomy":"product_cat","embeddable":true,"href":"https:\/\/www.gbsherveparis.com\/de\/wp-json\/wp\/v2\/product_cat?post=10762"},{"taxonomy":"product_tag","embeddable":true,"href":"https:\/\/www.gbsherveparis.com\/de\/wp-json\/wp\/v2\/product_tag?post=10762"}],"curies":[{"name":"wp","href":"https:\/\/api.w.org\/{rel}","templated":true}]}}