{"id":5681,"date":"2020-02-13T15:23:38","date_gmt":"2020-02-13T15:23:38","guid":{"rendered":"http:\/\/www.gbsherveparis.com\/?page_id=5681"},"modified":"2020-02-13T15:35:55","modified_gmt":"2020-02-13T15:35:55","slug":"terms-conditions-valentines-day-raffle","status":"publish","type":"page","link":"https:\/\/www.gbsherveparis.com\/de\/terms-conditions-valentines-day-raffle\/","title":{"rendered":"Bedingungen &amp; Konditionen Valentinstagsverlosung"},"content":{"rendered":"<div data-elementor-type=\"wp-page\" data-elementor-id=\"5681\" class=\"elementor elementor-5681\" data-elementor-post-type=\"page\">\n\t\t\t\t\t\t<section class=\"elementor-section elementor-top-section elementor-element elementor-element-5c7e30d elementor-section-boxed elementor-section-height-default elementor-section-height-default\" data-id=\"5c7e30d\" data-element_type=\"section\" data-e-type=\"section\">\n\t\t\t\t\t\t<div class=\"elementor-container elementor-column-gap-default\">\n\t\t\t\t\t<div class=\"elementor-column elementor-col-100 elementor-top-column elementor-element elementor-element-86f9cba\" data-id=\"86f9cba\" data-element_type=\"column\" data-e-type=\"column\">\n\t\t\t<div class=\"elementor-widget-wrap elementor-element-populated\">\n\t\t\t\t\t\t<div class=\"elementor-element elementor-element-5c53330 elementor-widget elementor-widget-text-editor\" data-id=\"5c53330\" data-element_type=\"widget\" data-e-type=\"widget\" data-widget_type=\"text-editor.default\">\n\t\t\t\t<div class=\"elementor-widget-container\">\n\t\t\t\t\t\t\t\t\t<p>Februar 13, 2020 <\/p><p>Allgemeine Werbebedingungen \u201cLike, LetUsKnow &amp; Win 2020\u201d <\/p><p>I. Allgemeines <\/p><p>1. Diese Bedingungen gelten f\u00fcr das Gewinnspiel \u201cLike, LetUsKnow &amp; Win the Herve Paris \u201cLove is Sweet\u201d candy box!\u201d (im Folgenden \u201cAktion\u201d genannt), das von Herve Paris organisiert und von Global Bridal Service BV mit Sitz in den Niederlanden, Oldenzaal 7575AB in der Enschedesestraat 6 (im Folgenden \u201cVeranstalter\u201d genannt) durchgef\u00fchrt wird. <\/p><p>2. Ziel dieser Aktion ist die Verlosung einer (1) Herve Paris Love is Sweet Box gef\u00fcllt mit S\u00fc\u00dfigkeiten (im Folgenden \u201cPreis\u201d genannt) unter allen Teilnehmern, die diesen Beitrag geliked und eine Nachricht unter dem Beitrag hinterlassen haben (im Folgenden \u201cTeilnehmer\u201d und\/oder \u201cTeilnehmer\u201d genannt). Unter allen Teilnehmern wird eine Nachricht ausgew\u00e4hlt, woraufhin der Verfasser dieser Nachricht eine (1) Herve Paris Love is Sweet Bonbonschachtel gewinnt. Hierf\u00fcr wurden eine Reihe von einschr\u00e4nkenden Bedingungen festgelegt; siehe III. Der Preis. <\/p><p>3. Diese Aktion l\u00e4uft vom 14. Februar 2020 bis zum 17. Februar 2020 - 23:59 Uhr. Der Gewinner wird anschlie\u00dfend auf den Social Media Kan\u00e4len von Herve Paris bekannt gegeben. <\/p><p>4. Der Veranstalter beh\u00e4lt sich das Recht vor, die Aktion jederzeit ohne Angabe von Gr\u00fcnden abzubrechen und die Aktionsbedingungen in der Zwischenzeit zu \u00e4ndern. Eine ge\u00e4nderte Fassung der Aktionsbedingungen wird unter Angabe eines neuen Datums erneut ver\u00f6ffentlicht. <\/p><p>5. Mit der Teilnahme erkl\u00e4rt sich der Teilnehmer mit dem Inhalt der vorliegenden Werbebedingungen einverstanden. Der Teilnehmer erkl\u00e4rt sich au\u00dferdem mit den allgemeinen Gesch\u00e4ftsbedingungen von Facebook und Instagram einverstanden, die zus\u00e4tzlich zu den vorliegenden Aktionsbedingungen gelten.<\/p><p>II. Teilnahme <\/p><p>6. Die Teilnahme an dieser Werbeaktion bedeutet, dass der Teilnehmer mit diesen allgemeinen Werbebedingungen einverstanden ist. <\/p><p>7. Die Teilnahme an dieser Aktion ist kostenlos und steht jedem offen, mit Ausnahme der Mitarbeiter von Global Bridal Service BV sowie aller Personen, die in irgendeiner Weise direkt oder indirekt mit dieser Aktion organisatorisch verbunden sind. <\/p><p>8. Personen, die j\u00fcnger als achtzehn Jahre sind, ist die Teilnahme ebenfalls untersagt. <\/p><p>9. Die f\u00fcr die Teilnahme erforderlichen Informationen gehen in das Eigentum von Global Bridal Service \u00fcber und werden weder verkauft noch an Dritte weitergegeben. Die Informationen werden in einer Datenbank gespeichert; f\u00fcr diese Datei gilt der Personal Date Protection Act (PDPA). Die Informationen werden nur f\u00fcr diese Aktion und f\u00fcr die Vergabe des Preises verwendet und nach dieser Aktion gel\u00f6scht. <\/p><p>10. Mit der Teilnahme an dieser Aktion erteilen die Preistr\u00e4ger dem Global Bridal Service die Erlaubnis, ihre Namen und\/oder die von ihnen eingereichten Fotos f\u00fcr Werbezwecke im Zusammenhang mit dieser Aktion zu verwenden. <\/p><p>11. Teilnehmer an dieser Aktion ist jeder, der diesen Beitrag mag und eine Nachricht unter dem Beitrag hinterl\u00e4sst, warum er\/sie oder jemand, den er\/sie kennt, einen Preis gewinnen sollte. <\/p><p>12. Der Anmeldeschluss ist Montag, der 17. Februar 2020 - 23:59 Uhr. <\/p><p>13. Mit der Teilnahme verzichtet der Teilnehmer auch auf jegliche Rechte an geistigem Eigentum. Alle Urheberrechte an den eingereichten Beitr\u00e4gen werden hiermit vom Teilnehmer an Global Bridal Service \u00fcbertragen. Der Teilnehmer ist bereit, erforderlichenfalls eine weitere Urkunde \u00fcber diese \u00dcbertragung zu unterzeichnen. <\/p><p>14. Im Falle von (Verdacht auf) Betrug oder unrechtm\u00e4\u00dfiger Manipulation der Aktion beh\u00e4lt sich der Veranstalter das Recht vor, Teilnehmer auszuschlie\u00dfen. <\/p><p>15. Die Teilnehmer erkl\u00e4ren, dass die von ihnen gemachten Angaben richtig und vollst\u00e4ndig sind.<\/p><p>III. Der Preis <\/p><p>16. Insgesamt kann ein (1) Preis gewonnen werden; es gelten die MSRP-Bedingungen von Global Bridal Service in Bezug auf die jeweilige Region\/das jeweilige Land. Der Preis ist ein mit S\u00fc\u00dfigkeiten gef\u00fclltes Paket von Herve Paris Love is Sweet. Der Preis kann vom Gewinner bei Global Bridal Service abgeholt werden, sofern sich der Gewinner in der N\u00e4he befindet. Der Preis kann von Global Bridal Service an den Gewinner versandt werden, sofern sich der Gewinner im Ausland befindet. <\/p><p>17. Nach Ablauf der Aktion w\u00e4hlt eine unabh\u00e4ngige Jury aus allen Teilnehmern einen (1) Gewinner mit der sch\u00f6nsten und eindrucksvollsten Nachricht aus. <\/p><p>18. \u00dcber die Ergebnisse kann kein Schriftverkehr gef\u00fchrt werden. <\/p><p>19. Der Preis kann nicht gegen Geld oder andere Preise eingetauscht werden und ist auch nicht \u00fcbertragbar. <\/p><p>20. Anfallende Kosten und Zubeh\u00f6r sind nicht enthalten. <\/p><p>21. Der Gewinner wird Ende Februar auf den Social Media Kan\u00e4len von Herve Paris bekannt gegeben. <\/p><p>22. Der Preis wird dem Gewinner innerhalb von drei Wochen per E-Mail best\u00e4tigt.<\/p><p>23. F\u00fcr einen nicht abgeholten oder von einem Gewinner abgelehnten Preis gibt es keinen Ersatzwert. Bei Ablehnung des Preises f\u00e4llt dieser an den Veranstalter zur\u00fcck. Anschlie\u00dfend kann beschlossen werden, den Preis dennoch an einen anderen Teilnehmer zu vergeben, der dann als endg\u00fcltiger Gewinner bekannt gegeben wird. Der Preis kann auch annulliert werden; dies ist noch zu kl\u00e4ren. <\/p><p>24. Der Preis gilt nicht in Kombination mit anderen Werbeaktionen und\/oder Rabatten.<\/p><p>IV. Haftung <\/p><p>25. Der Veranstalter ist nicht verantwortlich oder haftbar f\u00fcr zus\u00e4tzliche Ausgaben und\/oder Reisekosten des Gewinners im Zusammenhang mit der Teilnahme an diesem Gewinnspiel bzw. der Werbeaktion und im Zusammenhang mit der Annahme, der Verwendung oder dem Missbrauch des Preises. <\/p><p>26. Der Veranstalter, seine Assistenten oder von ihm beauftragte Dritte haften nicht f\u00fcr Sch\u00e4den, die durch den von ihnen verliehenen Preis verursacht werden, und auch nicht f\u00fcr Sch\u00e4den oder Verletzungen an Sachen und\/oder Personen infolge der Nutzung oder Verwendung des verliehenen Preises. <\/p><p>27. Der Veranstalter ist nicht verantwortlich f\u00fcr Netzwerk-, Computer-Hardware- oder Softwarefehler jeglicher Art, die zu einer eingeschr\u00e4nkten, verlangsamten oder verlorenen Einreichung f\u00fchren. <\/p><p>28. Der Veranstalter ist nicht verantwortlich oder haftbar f\u00fcr M\u00e4ngel an dem von ihm zu vergebenden Preis. Der Veranstalter gibt eine Garantie auf den von ihm zu vergebenden Preis.<\/p><p>V. Endg\u00fcltige Bedingungen <\/p><p>29. F\u00fcr alle Fragen, Beschwerden und\/oder Kommentare zu dieser Aktion wenden Sie sich bitte per E-Mail an info@herveparis.com <\/p><p>30. F\u00fcr diese Aktion gilt niederl\u00e4ndisches Recht. <\/p><p>31. Aufgestellt als solche in Oldenzaal, Niederlande,<\/p><p>13. Februar 2020.<\/p>\t\t\t\t\t\t\t\t<\/div>\n\t\t\t\t<\/div>\n\t\t\t\t\t<\/div>\n\t\t<\/div>\n\t\t\t\t\t<\/div>\n\t\t<\/section>\n\t\t\t\t<\/div>","protected":false},"excerpt":{"rendered":"<p>February 13, 2020 General promotional terms and conditions \u201cLike, LetUsKnow &amp; Win 2020\u201d I. General 1. These terms and conditions [&hellip;]<\/p>\n","protected":false},"author":1,"featured_media":0,"parent":0,"menu_order":0,"comment_status":"closed","ping_status":"closed","template":"","meta":{"_acf_changed":false,"_crdt_document":"","om_disable_all_campaigns":false,"site-sidebar-layout":"default","site-content-layout":"","ast-site-content-layout":"default","site-content-style":"default","site-sidebar-style":"default","ast-global-header-display":"","ast-banner-title-visibility":"","ast-main-header-display":"","ast-hfb-above-header-display":"","ast-hfb-below-header-display":"","ast-hfb-mobile-header-display":"","site-post-title":"","ast-breadcrumbs-content":"","ast-featured-img":"","footer-sml-layout":"","ast-disable-related-posts":"","theme-transparent-header-meta":"","adv-header-id-meta":"","stick-header-meta":"","header-above-stick-meta":"","header-main-stick-meta":"","header-below-stick-meta":"","astra-migrate-meta-layouts":"default","ast-page-background-enabled":"default","ast-page-background-meta":{"desktop":{"background-color":"var(--ast-global-color-5)","background-image":"","background-repeat":"repeat","background-position":"center center","background-size":"auto","background-attachment":"scroll","background-type":"","background-media":"","overlay-type":"","overlay-color":"","overlay-opacity":"","overlay-gradient":""},"tablet":{"background-color":"","background-image":"","background-repeat":"repeat","background-position":"center center","background-size":"auto","background-attachment":"scroll","background-type":"","background-media":"","overlay-type":"","overlay-color":"","overlay-opacity":"","overlay-gradient":""},"mobile":{"background-color":"","background-image":"","background-repeat":"repeat","background-position":"center center","background-size":"auto","background-attachment":"scroll","background-type":"","background-media":"","overlay-type":"","overlay-color":"","overlay-opacity":"","overlay-gradient":""}},"ast-content-background-meta":{"desktop":{"background-color":"var(--ast-global-color-4)","background-image":"","background-repeat":"repeat","background-position":"center center","background-size":"auto","background-attachment":"scroll","background-type":"","background-media":"","overlay-type":"","overlay-color":"","overlay-opacity":"","overlay-gradient":""},"tablet":{"background-color":"var(--ast-global-color-4)","background-image":"","background-repeat":"repeat","background-position":"center center","background-size":"auto","background-attachment":"scroll","background-type":"","background-media":"","overlay-type":"","overlay-color":"","overlay-opacity":"","overlay-gradient":""},"mobile":{"background-color":"var(--ast-global-color-4)","background-image":"","background-repeat":"repeat","background-position":"center center","background-size":"auto","background-attachment":"scroll","background-type":"","background-media":"","overlay-type":"","overlay-color":"","overlay-opacity":"","overlay-gradient":""}},"footnotes":""},"class_list":["post-5681","page","type-page","status-publish","hentry"],"acf":[],"yoast_head":"<!-- This site is optimized with the Yoast SEO plugin v27.5 - https:\/\/yoast.com\/product\/yoast-seo-wordpress\/ -->\n<title>Terms &amp; Conditions Valentines Day Raffle - GBS Herve Paris<\/title>\n<meta name=\"robots\" content=\"index, follow, max-snippet:-1, max-image-preview:large, max-video-preview:-1\" \/>\n<link rel=\"canonical\" href=\"https:\/\/www.gbsherveparis.com\/de\/terms-conditions-valentines-day-raffle\/\" \/>\n<meta property=\"og:locale\" content=\"de_DE\" \/>\n<meta property=\"og:type\" content=\"article\" \/>\n<meta property=\"og:title\" content=\"Terms &amp; Conditions Valentines Day Raffle - GBS Herve Paris\" \/>\n<meta property=\"og:description\" content=\"February 13, 2020 General promotional terms and conditions \u201cLike, LetUsKnow &amp; Win 2020\u201d I. General 1. These terms and conditions [&hellip;]\" \/>\n<meta property=\"og:url\" content=\"https:\/\/www.gbsherveparis.com\/de\/terms-conditions-valentines-day-raffle\/\" \/>\n<meta property=\"og:site_name\" content=\"GBS Herve Paris\" \/>\n<meta property=\"article:modified_time\" content=\"2020-02-13T15:35:55+00:00\" \/>\n<meta name=\"twitter:card\" content=\"summary_large_image\" \/>\n<meta name=\"twitter:label1\" content=\"Gesch\u00e4tzte Lesezeit\" \/>\n\t<meta name=\"twitter:data1\" content=\"5\u00a0Minuten\" \/>\n<script type=\"application\/ld+json\" class=\"yoast-schema-graph\">{\"@context\":\"https:\\\/\\\/schema.org\",\"@graph\":[{\"@type\":\"WebPage\",\"@id\":\"https:\\\/\\\/www.gbsherveparis.com\\\/terms-conditions-valentines-day-raffle\\\/\",\"url\":\"https:\\\/\\\/www.gbsherveparis.com\\\/terms-conditions-valentines-day-raffle\\\/\",\"name\":\"Terms & Conditions Valentines Day Raffle - GBS Herve Paris\",\"isPartOf\":{\"@id\":\"https:\\\/\\\/www.gbsherveparis.com\\\/#website\"},\"datePublished\":\"2020-02-13T15:23:38+00:00\",\"dateModified\":\"2020-02-13T15:35:55+00:00\",\"breadcrumb\":{\"@id\":\"https:\\\/\\\/www.gbsherveparis.com\\\/terms-conditions-valentines-day-raffle\\\/#breadcrumb\"},\"inLanguage\":\"de\",\"potentialAction\":[{\"@type\":\"ReadAction\",\"target\":[\"https:\\\/\\\/www.gbsherveparis.com\\\/terms-conditions-valentines-day-raffle\\\/\"]}]},{\"@type\":\"BreadcrumbList\",\"@id\":\"https:\\\/\\\/www.gbsherveparis.com\\\/terms-conditions-valentines-day-raffle\\\/#breadcrumb\",\"itemListElement\":[{\"@type\":\"ListItem\",\"position\":1,\"name\":\"Home\",\"item\":\"https:\\\/\\\/www.gbsherveparis.com\\\/\"},{\"@type\":\"ListItem\",\"position\":2,\"name\":\"Terms &#038; Conditions Valentines Day Raffle\"}]},{\"@type\":\"WebSite\",\"@id\":\"https:\\\/\\\/www.gbsherveparis.com\\\/#website\",\"url\":\"https:\\\/\\\/www.gbsherveparis.com\\\/\",\"name\":\"GBS Herve Paris\",\"description\":\"The Libre Collection is out now!\",\"publisher\":{\"@id\":\"https:\\\/\\\/www.gbsherveparis.com\\\/#organization\"},\"potentialAction\":[{\"@type\":\"SearchAction\",\"target\":{\"@type\":\"EntryPoint\",\"urlTemplate\":\"https:\\\/\\\/www.gbsherveparis.com\\\/?s={search_term_string}\"},\"query-input\":{\"@type\":\"PropertyValueSpecification\",\"valueRequired\":true,\"valueName\":\"search_term_string\"}}],\"inLanguage\":\"de\"},{\"@type\":\"Organization\",\"@id\":\"https:\\\/\\\/www.gbsherveparis.com\\\/#organization\",\"name\":\"GBS Herve Paris\",\"url\":\"https:\\\/\\\/www.gbsherveparis.com\\\/\",\"logo\":{\"@type\":\"ImageObject\",\"inLanguage\":\"de\",\"@id\":\"https:\\\/\\\/www.gbsherveparis.com\\\/#\\\/schema\\\/logo\\\/image\\\/\",\"url\":\"https:\\\/\\\/www.gbsherveparis.com\\\/wp-content\\\/uploads\\\/2023\\\/11\\\/cropped-GBS-Herve-Paris-logo.png\",\"contentUrl\":\"https:\\\/\\\/www.gbsherveparis.com\\\/wp-content\\\/uploads\\\/2023\\\/11\\\/cropped-GBS-Herve-Paris-logo.png\",\"width\":350,\"height\":100,\"caption\":\"GBS Herve Paris\"},\"image\":{\"@id\":\"https:\\\/\\\/www.gbsherveparis.com\\\/#\\\/schema\\\/logo\\\/image\\\/\"}}]}<\/script>\n<!-- \/ Yoast SEO plugin. -->","yoast_head_json":{"title":"Terms & Conditions Valentines Day Raffle - GBS Herve Paris","robots":{"index":"index","follow":"follow","max-snippet":"max-snippet:-1","max-image-preview":"max-image-preview:large","max-video-preview":"max-video-preview:-1"},"canonical":"https:\/\/www.gbsherveparis.com\/de\/terms-conditions-valentines-day-raffle\/","og_locale":"de_DE","og_type":"article","og_title":"Terms & Conditions Valentines Day Raffle - GBS Herve Paris","og_description":"February 13, 2020 General promotional terms and conditions \u201cLike, LetUsKnow &amp; Win 2020\u201d I. General 1. These terms and conditions [&hellip;]","og_url":"https:\/\/www.gbsherveparis.com\/de\/terms-conditions-valentines-day-raffle\/","og_site_name":"GBS Herve Paris","article_modified_time":"2020-02-13T15:35:55+00:00","twitter_card":"summary_large_image","twitter_misc":{"Gesch\u00e4tzte Lesezeit":"5\u00a0Minuten"},"schema":{"@context":"https:\/\/schema.org","@graph":[{"@type":"WebPage","@id":"https:\/\/www.gbsherveparis.com\/terms-conditions-valentines-day-raffle\/","url":"https:\/\/www.gbsherveparis.com\/terms-conditions-valentines-day-raffle\/","name":"Terms & Conditions Valentines Day Raffle - GBS Herve Paris","isPartOf":{"@id":"https:\/\/www.gbsherveparis.com\/#website"},"datePublished":"2020-02-13T15:23:38+00:00","dateModified":"2020-02-13T15:35:55+00:00","breadcrumb":{"@id":"https:\/\/www.gbsherveparis.com\/terms-conditions-valentines-day-raffle\/#breadcrumb"},"inLanguage":"de","potentialAction":[{"@type":"ReadAction","target":["https:\/\/www.gbsherveparis.com\/terms-conditions-valentines-day-raffle\/"]}]},{"@type":"BreadcrumbList","@id":"https:\/\/www.gbsherveparis.com\/terms-conditions-valentines-day-raffle\/#breadcrumb","itemListElement":[{"@type":"ListItem","position":1,"name":"Home","item":"https:\/\/www.gbsherveparis.com\/"},{"@type":"ListItem","position":2,"name":"Terms &#038; Conditions Valentines Day Raffle"}]},{"@type":"WebSite","@id":"https:\/\/www.gbsherveparis.com\/#website","url":"https:\/\/www.gbsherveparis.com\/","name":"GBS Herve Paris","description":"Die Libre Collection ist jetzt erh\u00e4ltlich!","publisher":{"@id":"https:\/\/www.gbsherveparis.com\/#organization"},"potentialAction":[{"@type":"SearchAction","target":{"@type":"EntryPoint","urlTemplate":"https:\/\/www.gbsherveparis.com\/?s={search_term_string}"},"query-input":{"@type":"PropertyValueSpecification","valueRequired":true,"valueName":"search_term_string"}}],"inLanguage":"de"},{"@type":"Organization","@id":"https:\/\/www.gbsherveparis.com\/#organization","name":"GBS Herve Paris","url":"https:\/\/www.gbsherveparis.com\/","logo":{"@type":"ImageObject","inLanguage":"de","@id":"https:\/\/www.gbsherveparis.com\/#\/schema\/logo\/image\/","url":"https:\/\/www.gbsherveparis.com\/wp-content\/uploads\/2023\/11\/cropped-GBS-Herve-Paris-logo.png","contentUrl":"https:\/\/www.gbsherveparis.com\/wp-content\/uploads\/2023\/11\/cropped-GBS-Herve-Paris-logo.png","width":350,"height":100,"caption":"GBS Herve Paris"},"image":{"@id":"https:\/\/www.gbsherveparis.com\/#\/schema\/logo\/image\/"}}]}},"_links":{"self":[{"href":"https:\/\/www.gbsherveparis.com\/de\/wp-json\/wp\/v2\/pages\/5681","targetHints":{"allow":["GET"]}}],"collection":[{"href":"https:\/\/www.gbsherveparis.com\/de\/wp-json\/wp\/v2\/pages"}],"about":[{"href":"https:\/\/www.gbsherveparis.com\/de\/wp-json\/wp\/v2\/types\/page"}],"author":[{"embeddable":true,"href":"https:\/\/www.gbsherveparis.com\/de\/wp-json\/wp\/v2\/users\/1"}],"replies":[{"embeddable":true,"href":"https:\/\/www.gbsherveparis.com\/de\/wp-json\/wp\/v2\/comments?post=5681"}],"version-history":[{"count":5,"href":"https:\/\/www.gbsherveparis.com\/de\/wp-json\/wp\/v2\/pages\/5681\/revisions"}],"predecessor-version":[{"id":5688,"href":"https:\/\/www.gbsherveparis.com\/de\/wp-json\/wp\/v2\/pages\/5681\/revisions\/5688"}],"wp:attachment":[{"href":"https:\/\/www.gbsherveparis.com\/de\/wp-json\/wp\/v2\/media?parent=5681"}],"curies":[{"name":"wp","href":"https:\/\/api.w.org\/{rel}","templated":true}]}}